{"id":4,"date":"2015-08-20T10:35:46","date_gmt":"2015-08-20T09:35:46","guid":{"rendered":"http:\/\/romaindayez.com\/new\/?page_id=4"},"modified":"2025-11-25T06:43:42","modified_gmt":"2025-11-25T05:43:42","slug":"biographie","status":"publish","type":"page","link":"https:\/\/www.romaindayez.com\/?page_id=4","title":{"rendered":"PR\u00c9SENTATION"},"content":{"rendered":"\n<p class=\"has-cyan-bluish-gray-color has-text-color has-link-color has-small-font-size wp-elements-7e00c52826a266e2f264b2b8c6ab6466\">Merci de ne pas utiliser ce texte pour l&rsquo;\u00e9laboration de programmes de salles et de concert.<\/p>\n\n\n\n<p class=\"has-small-font-size\">Le baryton belge Romain Dayez na\u00eet \u00e0 Bruxelles en mars 1989. N\u00e9 dans une famille de peintres et collectionneurs, il a la chance de d\u00e9couvrir l&rsquo;Art par le biais de la peinture. Avant de se professionnaliser dans le chant, il s&rsquo;essaye \u00e0 diverses formes d&rsquo;expression musicale (cornemuse, piano, clarinette), th\u00e9\u00e2trale, mais \u00e9galement plastique en r\u00e9alisant plusieurs expositions. Conscient que le touche-\u00e0-tout l&#8217;emp\u00eache d&rsquo;atteindre une excellence n\u00e9cessaire \u00e0 chacune de ces expressions artistiques, il d\u00e9cide de se concentrer sur le chant et la sc\u00e8ne, tout en continuant de porter un int\u00e9r\u00eat accru \u00e0 la peinture dans sa vie priv\u00e9e, se formant notamment en restauration d&rsquo;oeuvres d&rsquo;art.<\/p>\n\n\n\n<p class=\"has-small-font-size\"><strong>Romain Dayez obtient une double licence et un master en chant lyrique au Conservatoire Royal de Bruxelles dans la classe de Marcel Vanaud, puis au Conservatoire National Sup\u00e9rieur de Musique et de Danse de Paris dans celle d&rsquo;Alain Buet. Pour r\u00e9pondre \u00e0 un d\u00e9sir de cr\u00e9er qui ne va pas n\u00e9cessairement de pair avec le m\u00e9tier d&rsquo;interpr\u00e8te, le chanteur s&rsquo;oriente spontan\u00e9ment vers des nouvelles formes, des oeuvres ou styles peu r\u00e9f\u00e9renc\u00e9s ou des adaptations, parfois taill\u00e9es sur mesure, lui offrant une marge de manoeuvre assez large dans l&rsquo;interpr\u00e9tation &#8211; et parfois m\u00eame dans la vocalit\u00e9 \u00e0 proprement parler -, tels que la musique m\u00e9di\u00e9vale, baroque, le cabaret, l&rsquo;op\u00e9rette ou l&rsquo;op\u00e9ra contemporain. Concernant l&rsquo;incarnation des r\u00f4les, il enfile la tenue des rois, des s\u00e9ducteurs, des salauds, mais principalement celle des clowns qu&rsquo;il incarne avec naturel. Passionn\u00e9 par le monde animal qu&rsquo;il connait bien par son pass\u00e9 et son int\u00e9r\u00eat pour la taxidermie, il s&rsquo;int\u00e9resse \u00e0 l&rsquo;\u00e9thologie et y voit un foyer in\u00e9puisable d&rsquo;id\u00e9es pour nourrir son jeu et enrichir sa corporalit\u00e9 ; son m\u00e9moire au CNSM a pour sujet <em>L&rsquo;animalit\u00e9 en sc\u00e8ne &#8211; enjeux, applications et finalit\u00e9s de l&#8217;emprunt animal dans les arts de la sc\u00e8ne.<\/em><\/strong><\/p>\n\n\n\n<ul class=\"wp-block-list has-small-font-size\">\n<li><strong><mark style=\"background-color:rgba(0, 0, 0, 0)\" class=\"has-inline-color has-light-green-cyan-color\">OP\u00c9RA<\/mark><\/strong><br>Fort d&rsquo;une cinquantaine de r\u00f4les, Romain Dayez a peu \u00e0 peu fait sa sp\u00e9cialit\u00e9 des r\u00f4les de caract\u00e8re, comiques et exigeants sur le plan th\u00e9\u00e2tral. On a pu l&rsquo;entendre dans une cinquantaine de r\u00f4les (cfr. r\u00e9pertoire) \u00e0 Angers Nantes Op\u00e9ra, Atelier Lyrique de Tourcoing, Op\u00e9ra Grand Avignon, Clermont Auvergne Op\u00e9ra, Op\u00e9ra de Tours, Op\u00e9ra National de Bordeaux, Op\u00e9ra de Montpellier, Dijon, Reims, Massy, Compi\u00e8gne, Teatro Massimo de Palerme, Philharmonie de Paris et du Luxembourg&#8230; Il chante sous la baguette de chefs tels que Herv\u00e9 Niquet, David Reiland, Marc Minkowski, Dominique Visse, Pierre Dumoussaud, Michel Piquemal, Paul Daniel, Arie Van Beek et dans des mises en sc\u00e8ne de Florient Siaud, Laurent Pelly, Pascal Neyron&#8230; Le travail avec des artisans de l&rsquo;humour et de la fantaisie, comme Val\u00e9rie Lesort, Patrice Thibaud et Corinne et Gilles Benizio (Shirley &amp; Dino), le marque durablement.<\/li>\n<\/ul>\n\n\n\n<ul class=\"wp-block-list has-small-font-size\">\n<li><strong><mark style=\"background-color:rgba(0, 0, 0, 0)\" class=\"has-inline-color has-light-green-cyan-color\">MUSIQUE CONTEMPORAINE<\/mark><\/strong><br>Voyant la d\u00e9fense du r\u00e9pertoire contemporain comme une militance essentielle, il participe \u00e0 une trentaine de cr\u00e9ations mondiales et d\u00e9fend prioritairement la musique contemporaine d\u00e8s qu&rsquo;il en a l&rsquo;opportunit\u00e9 (Kaija Saariaho, Philippe Boesmans, John Rutter, Guillaume Connesson, Laurent Durupt, Othman Louati, Graciane Finzi, Sophie Lacaze, Michel Lysight) avec des chefs tels que Jean-Philippe Wurtz, Bruno Mantovani, Cl\u00e9ment Mao-Takacs, Tito Ceccherini, Catherine Simonpietri ou Jean-Paul Dessy, et des compagnies comme Miroirs \u00e9tendus, Musiques Nouvelles, La Chambre aux \u00c9chos, Secession Orchestra, l&rsquo;Ensemble Links et l&rsquo;Ensemble Orchestral Contemporain.<\/li>\n<\/ul>\n\n\n\n<ul class=\"wp-block-list has-small-font-size\">\n<li><mark style=\"background-color:rgba(0, 0, 0, 0)\" class=\"has-inline-color has-light-green-cyan-color\"><strong>OP\u00c9RETTE, CABARET &amp; CHANSON<\/strong><\/mark><br>Sp\u00e9cialis\u00e9 dans le r\u00e9pertoire fran\u00e7ais l\u00e9ger et les chants de diseur, il est invit\u00e9 partout en France pour d\u00e9fendre ce r\u00e9pertoire (Palais des Congr\u00e8s de Paris, Th\u00e9\u00e2tre du Ch\u00e2telet, Th\u00e9\u00e2tre de l&rsquo;Ath\u00e9n\u00e9e, Bal Blomet, Folies Berg\u00e8re, Com\u00e9dia, Th\u00e9\u00e2tre Marigny, Ritz, Studio Ermitage, Th\u00e9\u00e2tre de la Ville de Paris). Il doit cet int\u00e9r\u00eat \u00e0 des artistes et compagnies marquantes avec lesquelles il travaille \u00e0 de nombreuses reprises : Les Frivolit\u00e9s Parisiennes, Les Brigands, H\u00e9l\u00e8ne Delavault, Tatiana Probst, Cyrille Lehn. Dans l&rsquo;optique d&rsquo;enfoncer le clou, il cr\u00e9e son premier one man show chant\u00e9, \u00ab\u00a0L&rsquo;Amour, le vrai\u00a0\u00bb, d\u00e9di\u00e9 aux chanteurs de charme des ann\u00e9es 30 \u00e0 60, port\u00e9 par un crooner irr\u00e9v\u00e9rencieux, qu&rsquo;il nomme Gaspard de la Roro.<\/li>\n<\/ul>\n\n\n\n<ul class=\"wp-block-list has-small-font-size\">\n<li><strong><mark style=\"background-color:rgba(0, 0, 0, 0)\" class=\"has-inline-color has-light-green-cyan-color\">MUSIQUE ANCIENNE, BAROQUE OU SACR\u00c9E<\/mark><\/strong><br>En musique ancienne, il participe \u00e0 une centaine de productions d&rsquo;oratorio et chante avec Le Concerto Soave, Le Banquet C\u00e9lestee, Le Concert Spirituel, l&rsquo;Ensemble Cl\u00e9ment Janequin, Les Saqueboutiers de Toulouse, Les Musiciens du Louvre, Ausonia, Doulce M\u00e9moire, l&rsquo;Ensemble Pr\u00e8s de votre oreille, aux Festivals de Br\u00eame, la Chaise-Dieu, Sabl\u00e9, V\u00e9zelay, Hardelot, Utrecht, Ambronay, Hardelot, dans des lieux d&rsquo;exception comme Notre-Dame de Paris, Saint-Eustache, la Cath\u00e9drale de Bruxelles et La Madeleine dont il est l&rsquo;invit\u00e9 r\u00e9gulier.<\/li>\n<\/ul>\n\n\n\n<ul class=\"wp-block-list has-small-font-size\">\n<li><mark style=\"background-color:rgba(0, 0, 0, 0)\" class=\"has-inline-color has-light-green-cyan-color\"><strong>R\u00c9CITALS<\/strong><\/mark><br>Le soliste s&rsquo;int\u00e9resse \u00e0 la musique de chambre et a parfois eu l&rsquo;opportunit\u00e9 de chanter avec certains des plus grands pianistes fran\u00e7ais, Jeff Cohen, Denis Pascal, David Kadouch, ou organistes comme Jean Guillou et Xavier Deprez. Il donne des r\u00e9citals au Petit Palais, aux Invalides, \u00e0 la Salle Gaveau, et pour les Festivals de Radio France, de Musiq3, de Flandres, de Wallonie, de Rocamadour, Albi, Saint-C\u00e9r\u00e9, Avignon ou Deauville, r\u00e9guli\u00e8rement en duo avec le jeune pianiste Paul Beynet.<\/li>\n<\/ul>\n\n\n\n<ul class=\"wp-block-list has-small-font-size\">\n<li><strong><mark style=\"background-color:rgba(0, 0, 0, 0)\" class=\"has-inline-color has-light-green-cyan-color\">CROSSOVER<\/mark><\/strong><br>ll donne des performances en soliste \u00e0 l&rsquo;Op\u00e9ra de Paris, \u00e0 la Biennale de Venise, au Silencio, au Pamela Club, au Palais de Tokyo, \u00e0 la Cit\u00e9 de la Musique ou au Louvre et participe \u00e0 divers projets originaux, avec les rappeurs Ga\u00ebl Faye et Edgar Sekloka, la chanteuse iranienne Sara Hamidi, les chanteuses No\u00ebmi Waysfeld, Kyrie Kristmanson, M\u00e9lanie De Biasio, l&rsquo;Orchestre National de Jazz, les plasticiens Tal Isaac Hadad, Xavier Veilhan etc. <\/li>\n<\/ul>\n\n\n\n<ul class=\"wp-block-list has-small-font-size\">\n<li><strong><mark style=\"background-color:rgba(0, 0, 0, 0)\" class=\"has-inline-color has-light-green-cyan-color\">LE RAPT INVISIBLE<\/mark><\/strong><br>Depuis 2012, il est directeur artistique d&rsquo;un projet cr\u00e9\u00e9 avec sa m\u00e8re artiste, Le Rapt Invisible, collectif exclusivement d\u00e9di\u00e9 \u00e0 des r\u00e9flexions musicales contemporaines autour du sacr\u00e9. M\u00ealant r\u00e9guli\u00e8rement chants ancestraux et musique \u00e9lectronique, il a sign\u00e9 huit cr\u00e9ations dont quatre ballets. Le dernier en date, Ad Lucem, en duo avec le violoncelliste Jean-Paul Dessy, a fait l&rsquo;objet d&rsquo;un enregistrement discographique au Label Cypres et d\u00e9passe le 1 500 000 d&rsquo;\u00e9coutes sur Spotify.<\/li>\n<\/ul>\n\n\n\n<p class=\"has-small-font-size\"><strong>Il est invit\u00e9 de la 27\u00e8me c\u00e9r\u00e9monie des Victoires de la Musique Classique \u00e0 l&rsquo;Arsenal de Metz, de la Nuit de la Voix de la Fondation Orange aux Folies Berg\u00e8res, ainsi que du Concert de Nouvel an 2021 du Th\u00e9\u00e2tre du Ch\u00e2telet. Il est artiste r\u00e9sident du Th\u00e9\u00e2tre Imp\u00e9rial de Compi\u00e8gne depuis septembre 2019. Il est repr\u00e9sent\u00e9 par Marine Pierrot Detry.<\/strong><\/p>\n\n\n\n<p class=\"has-small-font-size\"><strong>Peu importe o\u00f9 sa vie artistique doit le mener, il tient par dessus tout \u00e0 garder un libert\u00e9 de choix absolue et sa curiosit\u00e9 insatiable. Le maintien d&rsquo;une technique vocale qui lui est propre lui offre, pour le moment, de ne s&rsquo;astreindre \u00e0 aucun choix de r\u00e9pertoire et de pouvoir continuer son cheminement \u00e9clectique. \u00ab\u00a0<em>Ce naturel passionn\u00e9 et inventif, ainsi que ce temp\u00e9rament critique, attachant et sensible, en font un artiste original et atypique, acteur de la vie artistique de son temps.<\/em>\u00ab\u00a0<\/strong><\/p>\n\n\n\n<p><\/p>\n","protected":false},"excerpt":{"rendered":"<p>Merci de ne pas utiliser ce texte pour l&rsquo;\u00e9laboration de programmes de salles et de concert. Le baryton belge Romain Dayez na\u00eet \u00e0 Bruxelles en mars 1989. N\u00e9 dans une famille de peintres et collectionneurs, il a la chance de d\u00e9couvrir l&rsquo;Art par le biais de la peinture. Avant de se professionnaliser dans le chant, il s&rsquo;essaye \u00e0 diverses formes &#8230; <a href=\"https:\/\/www.romaindayez.com\/?page_id=4\" class=\"more-link\">Read More<\/a><\/p>\n","protected":false},"author":3,"featured_media":0,"parent":0,"menu_order":0,"comment_status":"closed","ping_status":"closed","template":"","meta":{"footnotes":""},"class_list":["post-4","page","type-page","status-publish","hentry","no-post-thumbnail"],"_links":{"self":[{"href":"https:\/\/www.romaindayez.com\/index.php?rest_route=\/wp\/v2\/pages\/4"}],"collection":[{"href":"https:\/\/www.romaindayez.com\/index.php?rest_route=\/wp\/v2\/pages"}],"about":[{"href":"https:\/\/www.romaindayez.com\/index.php?rest_route=\/wp\/v2\/types\/page"}],"author":[{"embeddable":true,"href":"https:\/\/www.romaindayez.com\/index.php?rest_route=\/wp\/v2\/users\/3"}],"replies":[{"embeddable":true,"href":"https:\/\/www.romaindayez.com\/index.php?rest_route=%2Fwp%2Fv2%2Fcomments&post=4"}],"version-history":[{"count":353,"href":"https:\/\/www.romaindayez.com\/index.php?rest_route=\/wp\/v2\/pages\/4\/revisions"}],"predecessor-version":[{"id":2806,"href":"https:\/\/www.romaindayez.com\/index.php?rest_route=\/wp\/v2\/pages\/4\/revisions\/2806"}],"wp:attachment":[{"href":"https:\/\/www.romaindayez.com\/index.php?rest_route=%2Fwp%2Fv2%2Fmedia&parent=4"}],"curies":[{"name":"wp","href":"https:\/\/api.w.org\/{rel}","templated":true}]}}